{"id":12,"date":"2026-03-03T15:03:03","date_gmt":"2026-03-03T15:03:03","guid":{"rendered":"https:\/\/luster.fi\/?page_id=12"},"modified":"2026-03-03T15:32:00","modified_gmt":"2026-03-03T15:32:00","slug":"luster-oy","status":"publish","type":"page","link":"https:\/\/luster.fi\/","title":{"rendered":"Luster Oy"},"content":{"rendered":"\n<p>Omakotitalojen suunnittelu- ja vastaavan ty\u00f6njohtajan teht\u00e4v\u00e4t Tampereen seudulla \/ Pirkanmaalla.<\/p>\n\n\n\n<p>Tiedustelut:<\/p>\n\n\n\n<p>santeri.lehto@luster.fi<\/p>\n\n\n\n<p>p. 0400 665 995<\/p>\n\n\n\n<p><\/p>\n","protected":false},"excerpt":{"rendered":"<p>Omakotitalojen suunnittelu- ja vastaavan ty\u00f6njohtajan teht\u00e4v\u00e4t Tampereen seudulla \/ Pirkanmaalla. Tiedustelut: santeri.lehto@luster.fi p. 0400 665 995<\/p>\n","protected":false},"author":1,"featured_media":0,"parent":0,"menu_order":0,"comment_status":"closed","ping_status":"closed","template":"","meta":{"footnotes":""},"class_list":["post-12","page","type-page","status-publish","hentry"],"_links":{"self":[{"href":"https:\/\/luster.fi\/index.php\/wp-json\/wp\/v2\/pages\/12","targetHints":{"allow":["GET"]}}],"collection":[{"href":"https:\/\/luster.fi\/index.php\/wp-json\/wp\/v2\/pages"}],"about":[{"href":"https:\/\/luster.fi\/index.php\/wp-json\/wp\/v2\/types\/page"}],"author":[{"embeddable":true,"href":"https:\/\/luster.fi\/index.php\/wp-json\/wp\/v2\/users\/1"}],"replies":[{"embeddable":true,"href":"https:\/\/luster.fi\/index.php\/wp-json\/wp\/v2\/comments?post=12"}],"version-history":[{"count":6,"href":"https:\/\/luster.fi\/index.php\/wp-json\/wp\/v2\/pages\/12\/revisions"}],"predecessor-version":[{"id":31,"href":"https:\/\/luster.fi\/index.php\/wp-json\/wp\/v2\/pages\/12\/revisions\/31"}],"wp:attachment":[{"href":"https:\/\/luster.fi\/index.php\/wp-json\/wp\/v2\/media?parent=12"}],"curies":[{"name":"wp","href":"https:\/\/api.w.org\/{rel}","templated":true}]}}